{"id":4628,"date":"2019-10-28T17:47:22","date_gmt":"2019-10-28T15:47:22","guid":{"rendered":"https:\/\/www.construciainstalaciones.com\/?page_id=4628"},"modified":"2023-10-19T16:25:15","modified_gmt":"2023-10-19T14:25:15","slug":"aviso-legal-en","status":"publish","type":"page","link":"https:\/\/www.construciainstalaciones.com\/en\/aviso-legal-en\/","title":{"rendered":"Aviso legal en"},"content":{"rendered":"<p>Aceptaci\u00f3n uso de cookies<\/p>\n<p>El Sitio Web utiliza cookies. Las cookies son ficheros creados en el navegador del usuario para registrar su actividad en el Sitio Web y permitirle una navegaci\u00f3n m\u00e1s fluida y personalizada.<\/p>\n<p>Cookie<\/p>\n<p>Google<\/p>\n<p>Nombre<\/p>\n<p>_ga<\/p>\n<p>_gid<\/p>\n<p>Prop\u00f3sito<\/p>\n<p>Cookies de Google Analytics que habilitan la funci\u00f3n de control de visitas \u00fanicas. La primera vez que un usuario entre en el sitio web a trav\u00e9s de un navegador se instalar\u00e1n estas cookies. Cuando este usuario vuelva a entrar en la web con el mismo navegador, las cookies considerar\u00e1n que es el mismo usuario. Solo en el caso de que el usuario cambie de navegador, se considerar\u00e1 otro usuario.<\/p>\n<p>M\u00e1s informaci\u00f3n<\/p>\n<ul>\n<li>Centro de privacidad de Google<\/li>\n<li>Complemento de inhabilitaci\u00f3n de Google Analytics<\/li>\n<\/ul>\n<p>Cookie<\/p>\n<p>Google<\/p>\n<p>Nombre<\/p>\n<p>_gat_gtag_U<\/p>\n<p>A_121570394_1<\/p>\n<p>Prop\u00f3sito<\/p>\n<p>Incluye informaci\u00f3n de la campa\u00f1a relativa al usuario. Si se han vinculado las cuentas de Google Analytics y AdWords, las etiquetas de conversi\u00f3n de sitios web leer\u00e1n esta cookie, a menos que se inhabilite.<\/p>\n<p>M\u00e1s informaci\u00f3n<\/p>\n<ul>\n<li>Centro de privacidad de Google<\/li>\n<li>Complemento de inhabilitaci\u00f3n de Google Analytics<\/li>\n<\/ul>\n<p>Cookie<\/p>\n<p>Youtube<\/p>\n<p>Nombre<\/p>\n<p>VISITOR_INFO1_LIFE, PREF, YSC, GEUPProp\u00f3sito<br \/>\nCookie de Youtube utilizadas en la reproducci\u00f3n de v\u00eddeos a trav\u00e9s de la web.M\u00e1s informaci\u00f3n<\/p>\n<ul>\n<li>Centro de privacidad de Youtube<\/li>\n<\/ul>\n<p>Cookie<\/p>\n<p>Construcia<\/p>\n<p>Nombre<\/p>\n<p>PHPSESSIDProp\u00f3sito<\/p>\n<p>Permite al usuario visualizar la\u00a0p\u00e1gina e interactuar con ella<\/p>\n<p>M\u00e1s informaci\u00f3n<\/p>\n<ul>\n<li>Pol\u00edtica de privacidad de Construcia<\/li>\n<\/ul>\n<p>Para utilizar este Sitio Web resulta necesaria la instalaci\u00f3n de cookies. El usuario puede revocar el consentimiento otorgado cesando en la navegaci\u00f3n, no aceptarlas o configurar su navegador para bloquearlas y, en su caso, eliminarlas. M\u00e1s informaci\u00f3n para cada navegador:<\/p>\n<ul>\n<li>Internet Explorer 8 y superior; InPrivate<\/li>\n<li>Safari 2 y superior; Navegaci\u00f3n Privada<\/li>\n<li>Opera 10.5 y superior; Navegaci\u00f3n Privada<\/li>\n<li>FireFox 3.5 y superior; Navegaci\u00f3n Privada<\/li>\n<li>Google Chrome 10 y superior; Inc\u00f3gnito<\/li>\n<\/ul>\n<p>En otros sitios de CONSTRUCIA se instalan cookies de terceros a todos sus visitantes, aunque no sean usuarios registrados en las correspondientes plataformas:<\/p>\n<ul>\n<li>CONSTRUCIA en Facebook. Cookies: datr, reg_fb_gate y reg_fb_ref. Sus finalidades est\u00e1n descritas en la P\u00e1gina de Cookies de Facebook.<\/li>\n<li>CONSTRUCIA en Linkedin. Cookies: JSESSIONID, visit, bcookie, S-LI-IDC, L1e, X-LI-IDC, _qca, RT, __utma, __utmb, __utmc, __utmz, __utmv, leo_auth_token, lang. Sus finalidades est\u00e1n descritas en la P\u00e1gina de Cookies de Linkedin.<\/li>\n<\/ul>\n","protected":false},"excerpt":{"rendered":"<p>Aceptaci\u00f3n uso de cookies El Sitio Web utiliza cookies. Las cookies son ficheros creados en el navegador del usuario para registrar su actividad en el Sitio Web y permitirle una navegaci\u00f3n m\u00e1s fluida y personalizada. Cookie Google Nombre _ga _gid Prop\u00f3sito Cookies de Google Analytics que habilitan la funci\u00f3n de control de visitas \u00fanicas. La [&hellip;]<\/p>\n","protected":false},"author":19,"featured_media":0,"parent":0,"menu_order":0,"comment_status":"closed","ping_status":"closed","template":"template-pages\/template-cookies.php","meta":{"_acf_changed":false,"footnotes":""},"class_list":["post-4628","page","type-page","status-publish","hentry"],"acf":[],"yoast_head":"<!-- This site is optimized with the Yoast SEO plugin v27.2 - https:\/\/yoast.com\/product\/yoast-seo-wordpress\/ -->\n<title>Aviso legal en - Construc\u00eda Instalaciones<\/title>\n<meta name=\"robots\" content=\"index, follow, max-snippet:-1, max-image-preview:large, max-video-preview:-1\" \/>\n<link rel=\"canonical\" href=\"https:\/\/www.construciainstalaciones.com\/en\/aviso-legal-en\/\" \/>\n<meta property=\"og:locale\" content=\"en_US\" \/>\n<meta property=\"og:type\" content=\"article\" \/>\n<meta property=\"og:title\" content=\"Aviso legal en - Construc\u00eda Instalaciones\" \/>\n<meta property=\"og:description\" content=\"Aceptaci\u00f3n uso de cookies El Sitio Web utiliza cookies. Las cookies son ficheros creados en el navegador del usuario para registrar su actividad en el Sitio Web y permitirle una navegaci\u00f3n m\u00e1s fluida y personalizada. Cookie Google Nombre _ga _gid Prop\u00f3sito Cookies de Google Analytics que habilitan la funci\u00f3n de control de visitas \u00fanicas. La [&hellip;]\" \/>\n<meta property=\"og:url\" content=\"https:\/\/www.construciainstalaciones.com\/en\/aviso-legal-en\/\" \/>\n<meta property=\"og:site_name\" content=\"Construc\u00eda Instalaciones\" \/>\n<meta property=\"article:modified_time\" content=\"2023-10-19T14:25:15+00:00\" \/>\n<meta name=\"twitter:card\" content=\"summary_large_image\" \/>\n<meta name=\"twitter:label1\" content=\"Est. reading time\" \/>\n\t<meta name=\"twitter:data1\" content=\"2 minutes\" \/>\n<script type=\"application\/ld+json\" class=\"yoast-schema-graph\">{\"@context\":\"https:\/\/schema.org\",\"@graph\":[{\"@type\":\"WebPage\",\"@id\":\"https:\/\/www.construciainstalaciones.com\/en\/aviso-legal-en\/\",\"url\":\"https:\/\/www.construciainstalaciones.com\/en\/aviso-legal-en\/\",\"name\":\"Aviso legal en - Construc\u00eda Instalaciones\",\"isPartOf\":{\"@id\":\"https:\/\/www.construciainstalaciones.com\/en\/#website\"},\"datePublished\":\"2019-10-28T15:47:22+00:00\",\"dateModified\":\"2023-10-19T14:25:15+00:00\",\"breadcrumb\":{\"@id\":\"https:\/\/www.construciainstalaciones.com\/en\/aviso-legal-en\/#breadcrumb\"},\"inLanguage\":\"en-US\",\"potentialAction\":[{\"@type\":\"ReadAction\",\"target\":[\"https:\/\/www.construciainstalaciones.com\/en\/aviso-legal-en\/\"]}]},{\"@type\":\"BreadcrumbList\",\"@id\":\"https:\/\/www.construciainstalaciones.com\/en\/aviso-legal-en\/#breadcrumb\",\"itemListElement\":[{\"@type\":\"ListItem\",\"position\":1,\"name\":\"Portada\",\"item\":\"https:\/\/www.construciainstalaciones.com\/en\/\"},{\"@type\":\"ListItem\",\"position\":2,\"name\":\"Aviso legal en\"}]},{\"@type\":\"WebSite\",\"@id\":\"https:\/\/www.construciainstalaciones.com\/en\/#website\",\"url\":\"https:\/\/www.construciainstalaciones.com\/en\/\",\"name\":\"Construc\u00eda Instalaciones\",\"description\":\"Instalaciones circulares, resilientes y saludables\",\"publisher\":{\"@id\":\"https:\/\/www.construciainstalaciones.com\/en\/#organization\"},\"potentialAction\":[{\"@type\":\"SearchAction\",\"target\":{\"@type\":\"EntryPoint\",\"urlTemplate\":\"https:\/\/www.construciainstalaciones.com\/en\/?s={search_term_string}\"},\"query-input\":{\"@type\":\"PropertyValueSpecification\",\"valueRequired\":true,\"valueName\":\"search_term_string\"}}],\"inLanguage\":\"en-US\"},{\"@type\":\"Organization\",\"@id\":\"https:\/\/www.construciainstalaciones.com\/en\/#organization\",\"name\":\"Construc\u00eda Instalaciones\",\"url\":\"https:\/\/www.construciainstalaciones.com\/en\/\",\"logo\":{\"@type\":\"ImageObject\",\"inLanguage\":\"en-US\",\"@id\":\"https:\/\/www.construciainstalaciones.com\/en\/#\/schema\/logo\/image\/\",\"url\":\"https:\/\/www.construciainstalaciones.com\/wp-content\/uploads\/2023\/11\/cropped-Isotipo-color-en-positivo-cuadrado.png\",\"contentUrl\":\"https:\/\/www.construciainstalaciones.com\/wp-content\/uploads\/2023\/11\/cropped-Isotipo-color-en-positivo-cuadrado.png\",\"width\":512,\"height\":512,\"caption\":\"Construc\u00eda Instalaciones\"},\"image\":{\"@id\":\"https:\/\/www.construciainstalaciones.com\/en\/#\/schema\/logo\/image\/\"}}]}<\/script>\n<!-- \/ Yoast SEO plugin. -->","yoast_head_json":{"title":"Aviso legal en - Construc\u00eda Instalaciones","robots":{"index":"index","follow":"follow","max-snippet":"max-snippet:-1","max-image-preview":"max-image-preview:large","max-video-preview":"max-video-preview:-1"},"canonical":"https:\/\/www.construciainstalaciones.com\/en\/aviso-legal-en\/","og_locale":"en_US","og_type":"article","og_title":"Aviso legal en - Construc\u00eda Instalaciones","og_description":"Aceptaci\u00f3n uso de cookies El Sitio Web utiliza cookies. Las cookies son ficheros creados en el navegador del usuario para registrar su actividad en el Sitio Web y permitirle una navegaci\u00f3n m\u00e1s fluida y personalizada. Cookie Google Nombre _ga _gid Prop\u00f3sito Cookies de Google Analytics que habilitan la funci\u00f3n de control de visitas \u00fanicas. La [&hellip;]","og_url":"https:\/\/www.construciainstalaciones.com\/en\/aviso-legal-en\/","og_site_name":"Construc\u00eda Instalaciones","article_modified_time":"2023-10-19T14:25:15+00:00","twitter_card":"summary_large_image","twitter_misc":{"Est. reading time":"2 minutes"},"schema":{"@context":"https:\/\/schema.org","@graph":[{"@type":"WebPage","@id":"https:\/\/www.construciainstalaciones.com\/en\/aviso-legal-en\/","url":"https:\/\/www.construciainstalaciones.com\/en\/aviso-legal-en\/","name":"Aviso legal en - Construc\u00eda Instalaciones","isPartOf":{"@id":"https:\/\/www.construciainstalaciones.com\/en\/#website"},"datePublished":"2019-10-28T15:47:22+00:00","dateModified":"2023-10-19T14:25:15+00:00","breadcrumb":{"@id":"https:\/\/www.construciainstalaciones.com\/en\/aviso-legal-en\/#breadcrumb"},"inLanguage":"en-US","potentialAction":[{"@type":"ReadAction","target":["https:\/\/www.construciainstalaciones.com\/en\/aviso-legal-en\/"]}]},{"@type":"BreadcrumbList","@id":"https:\/\/www.construciainstalaciones.com\/en\/aviso-legal-en\/#breadcrumb","itemListElement":[{"@type":"ListItem","position":1,"name":"Portada","item":"https:\/\/www.construciainstalaciones.com\/en\/"},{"@type":"ListItem","position":2,"name":"Aviso legal en"}]},{"@type":"WebSite","@id":"https:\/\/www.construciainstalaciones.com\/en\/#website","url":"https:\/\/www.construciainstalaciones.com\/en\/","name":"Construc\u00eda Instalaciones","description":"Instalaciones circulares, resilientes y saludables","publisher":{"@id":"https:\/\/www.construciainstalaciones.com\/en\/#organization"},"potentialAction":[{"@type":"SearchAction","target":{"@type":"EntryPoint","urlTemplate":"https:\/\/www.construciainstalaciones.com\/en\/?s={search_term_string}"},"query-input":{"@type":"PropertyValueSpecification","valueRequired":true,"valueName":"search_term_string"}}],"inLanguage":"en-US"},{"@type":"Organization","@id":"https:\/\/www.construciainstalaciones.com\/en\/#organization","name":"Construc\u00eda Instalaciones","url":"https:\/\/www.construciainstalaciones.com\/en\/","logo":{"@type":"ImageObject","inLanguage":"en-US","@id":"https:\/\/www.construciainstalaciones.com\/en\/#\/schema\/logo\/image\/","url":"https:\/\/www.construciainstalaciones.com\/wp-content\/uploads\/2023\/11\/cropped-Isotipo-color-en-positivo-cuadrado.png","contentUrl":"https:\/\/www.construciainstalaciones.com\/wp-content\/uploads\/2023\/11\/cropped-Isotipo-color-en-positivo-cuadrado.png","width":512,"height":512,"caption":"Construc\u00eda Instalaciones"},"image":{"@id":"https:\/\/www.construciainstalaciones.com\/en\/#\/schema\/logo\/image\/"}}]}},"_links":{"self":[{"href":"https:\/\/www.construciainstalaciones.com\/en\/wp-json\/wp\/v2\/pages\/4628","targetHints":{"allow":["GET"]}}],"collection":[{"href":"https:\/\/www.construciainstalaciones.com\/en\/wp-json\/wp\/v2\/pages"}],"about":[{"href":"https:\/\/www.construciainstalaciones.com\/en\/wp-json\/wp\/v2\/types\/page"}],"author":[{"embeddable":true,"href":"https:\/\/www.construciainstalaciones.com\/en\/wp-json\/wp\/v2\/users\/19"}],"replies":[{"embeddable":true,"href":"https:\/\/www.construciainstalaciones.com\/en\/wp-json\/wp\/v2\/comments?post=4628"}],"version-history":[{"count":7,"href":"https:\/\/www.construciainstalaciones.com\/en\/wp-json\/wp\/v2\/pages\/4628\/revisions"}],"predecessor-version":[{"id":9234,"href":"https:\/\/www.construciainstalaciones.com\/en\/wp-json\/wp\/v2\/pages\/4628\/revisions\/9234"}],"wp:attachment":[{"href":"https:\/\/www.construciainstalaciones.com\/en\/wp-json\/wp\/v2\/media?parent=4628"}],"curies":[{"name":"wp","href":"https:\/\/api.w.org\/{rel}","templated":true}]}}